{"id":44,"date":"2026-05-13T12:02:49","date_gmt":"2026-05-13T12:02:49","guid":{"rendered":"https:\/\/bouhet.com\/?page_id=44"},"modified":"2026-05-13T16:37:12","modified_gmt":"2026-05-13T16:37:12","slug":"cv-detaille","status":"publish","type":"page","link":"http:\/\/bouhet.com\/index.php\/cv\/cv-detaille\/","title":{"rendered":"CV d\u00e9taill\u00e9 de Fr\u00e9d\u00e9ric Bouhet"},"content":{"rendered":"\n<p>Intro CV<\/p>\n\n\n\n<div class=\"wp-block-columns has-border-color is-layout-flex wp-container-core-columns-is-layout-8a2eb100 wp-block-columns-is-layout-flex\" style=\"border-color:#b9e9f7;border-width:8px;border-top-left-radius:42px;border-top-right-radius:42px;border-bottom-left-radius:42px;border-bottom-right-radius:42px;padding-top:var(--wp--preset--spacing--30);padding-right:0;padding-bottom:var(--wp--preset--spacing--30);padding-left:0\">\n<div class=\"wp-block-column is-layout-flow wp-block-column-is-layout-flow\" style=\"flex-basis:33.33%\">\n<figure class=\"wp-block-image aligncenter size-full is-resized\"><img loading=\"lazy\" decoding=\"async\" width=\"232\" height=\"228\" src=\"https:\/\/bouhet.com\/wp-content\/uploads\/2026\/05\/logo-ionis-1.jpg\" alt=\"\" class=\"wp-image-64\" style=\"width:187px;height:auto\"\/><\/figure>\n\n\n\n<figure class=\"wp-block-image size-full\"><img loading=\"lazy\" decoding=\"async\" width=\"500\" height=\"281\" src=\"http:\/\/bouhet.com\/wp-content\/uploads\/2026\/05\/vignettes-IONIS-1.jpg\" alt=\"Saisies d'ecrans des homepages des sites sur lesquels j'ai travaill\u00e9\" class=\"wp-image-50\" srcset=\"http:\/\/bouhet.com\/wp-content\/uploads\/2026\/05\/vignettes-IONIS-1.jpg 500w, http:\/\/bouhet.com\/wp-content\/uploads\/2026\/05\/vignettes-IONIS-1-300x169.jpg 300w\" sizes=\"auto, (max-width: 500px) 100vw, 500px\" \/><\/figure>\n\n\n\n<ul class=\"wp-block-list has-small-font-size\">\n<li class=\"has-small-font-size\"><a href=\"https:\/\/www.isg.fr\" target=\"_blank\" rel=\"noreferrer noopener\">https:\/\/www.isg.fr<\/a><\/li>\n\n\n\n<li><a href=\"https:\/\/www.esme.fr\" target=\"_blank\" rel=\"noreferrer noopener\">https:\/\/www.esme.fr<\/a><\/li>\n\n\n\n<li><a href=\"https:\/\/www.ipsa.fr\" target=\"_blank\" rel=\"noreferrer noopener\">https:\/\/www.ipsa.fr<\/a><\/li>\n\n\n\n<li><a href=\"https:\/\/phg.academy\" target=\"_blank\" rel=\"noreferrer noopener\">https:\/\/phg.academy<\/a><\/li>\n\n\n\n<li><a href=\"https:\/\/etna.io\">https:\/\/etna.io<\/a><\/li>\n\n\n\n<li><a href=\"https:\/\/www.ionis-group.com\">https:\/\/www.ionis-group.com<\/a><\/li>\n\n\n\n<li><a href=\"https:\/\/www.supiotech.fr\">https:\/\/www.supiotech.fr<\/a><\/li>\n\n\n\n<li><a href=\"https:\/\/www.e-artsup.net\">https:\/\/www.e-artsup.net<\/a><\/li>\n\n\n\n<li><a href=\"https:\/\/www.ionis-stm.com\">https:\/\/www.ionis-stm.com<\/a><\/li>\n\n\n\n<li><a href=\"https:\/\/www.supinfo.com\/ \">https:\/\/www.supinfo.com<\/a><\/li>\n\n\n\n<li><a href=\"https:\/\/recherche.esme.fr\/\" target=\"_blank\" rel=\"noreferrer noopener\">https:\/\/recherche.esme.fr\/<\/a><\/li>\n<\/ul>\n<\/div>\n\n\n\n<div class=\"wp-block-column is-layout-flow wp-block-column-is-layout-flow\">\n<p class=\"has-ast-global-color-3-color has-text-color has-link-color has-medium-font-size wp-elements-e3a03faea864dd331464c290504c3376\"><strong>MARS 2019 &#8211; JANVIER 2025<\/strong><\/p>\n\n\n\n<p class=\"has-ast-global-color-8-color has-text-color has-link-color has-medium-font-size wp-elements-fc9d69edbd9416fc4a268b410b9ee85d\"><strong>Chef de projet et de produit digita<\/strong>l  &#8212; <strong><em>IONIS Education Group<\/em><\/strong><\/p>\n\n\n\n<ul class=\"wp-block-list\">\n<li class=\"has-medium-font-size\">Optimisation de l\u2019accessibilit\u00e9, documents internes, benchmark.<\/li>\n\n\n\n<li class=\"has-medium-font-size\">Responsable d&#8217;un portefeuille de 14 clients internes (\u00e9coles de commerce, d&#8217;ing\u00e9nieurs, etc.). Point d&#8217;entr\u00e9e concernant toute demande digitale : cr\u00e9ation de pages, r\u00e9organisation du contenu dans les rubriques, refonte int\u00e9grale, demandes diverses<\/li>\n\n\n\n<li class=\"has-medium-font-size\">Sp\u00e9cialiste de la refonte web (20 en 5 ans) : organisation d&#8217;ateliers avec les \u00e9coles pour d\u00e9finir l&#8217;offre web, les KPI, le RACI l&#8217;univers graphique, les nouveaux contenus. Mise en place des plannings, des tickets pour les ressources des diff\u00e9rents acteurs. R\u00e9partition et suivi des t\u00e2ches sur la dur\u00e9e. Organisation de points r\u00e9guliers en mode Agile (dailies, sprint, points hebdomadaires)<\/li>\n\n\n\n<li class=\"has-medium-font-size\">Projets transverses: migration des sites vers WordPress; mise \u00e0 norme des sites d&#8217;ing\u00e9nieurs pour \u00eatre valid\u00e9 comme sites accessibles<\/li>\n\n\n\n<li class=\"has-medium-font-size\">Cr\u00e9ation des rubriques et des sites concernant la Recherche sur les sites d&#8217;ing\u00e9nieurs<\/li>\n<\/ul>\n<\/div>\n<\/div>\n\n\n\n<div style=\"height:28px\" aria-hidden=\"true\" class=\"wp-block-spacer\"><\/div>\n\n\n\n<div class=\"wp-block-columns has-border-color is-layout-flex wp-container-core-columns-is-layout-8a2eb100 wp-block-columns-is-layout-flex\" style=\"border-color:#eda069;border-width:8px;border-top-left-radius:42px;border-top-right-radius:42px;border-bottom-left-radius:42px;border-bottom-right-radius:42px;padding-top:var(--wp--preset--spacing--30);padding-right:0;padding-bottom:var(--wp--preset--spacing--30);padding-left:0\">\n<div class=\"wp-block-column is-layout-flow wp-block-column-is-layout-flow\" style=\"flex-basis:33.33%\">\n<figure class=\"wp-block-image aligncenter size-full is-resized\"><img loading=\"lazy\" decoding=\"async\" width=\"232\" height=\"228\" src=\"https:\/\/bouhet.com\/wp-content\/uploads\/2026\/05\/logo-elsevier.jpg\" alt=\"\" class=\"wp-image-70\" style=\"width:187px;height:auto\"\/><\/figure>\n\n\n\n<figure class=\"wp-block-image aligncenter size-full is-resized\"><img loading=\"lazy\" decoding=\"async\" width=\"500\" height=\"555\" src=\"https:\/\/bouhet.com\/wp-content\/uploads\/2026\/05\/vignette-elsevier.jpg\" alt=\"\" class=\"wp-image-74\" style=\"aspect-ratio:0.9009060426624813;width:280px;height:auto\" srcset=\"http:\/\/bouhet.com\/wp-content\/uploads\/2026\/05\/vignette-elsevier.jpg 500w, http:\/\/bouhet.com\/wp-content\/uploads\/2026\/05\/vignette-elsevier-270x300.jpg 270w\" sizes=\"auto, (max-width: 500px) 100vw, 500px\" \/><\/figure>\n\n\n\n<ul class=\"wp-block-list has-small-font-size\">\n<li class=\"has-small-font-size\"><a href=\"https:\/\/www.elsevier-masson.fr\">https:\/\/www.elsevier-masson.fr<\/a><\/li>\n<\/ul>\n<\/div>\n\n\n\n<div class=\"wp-block-column is-layout-flow wp-block-column-is-layout-flow\">\n<p class=\"has-ast-global-color-3-color has-text-color has-link-color has-medium-font-size wp-elements-b3486f9159748566ead775ed824912a2\"><strong>NOVEMBRE 2017 &#8211; DECEMBRE 2018<\/strong><\/p>\n\n\n\n<p class=\"has-ast-global-color-8-color has-text-color has-link-color has-medium-font-size wp-elements-d478f8ac981011e78b8fd97d3ec6ab09\"><strong>Chef de produit digita<\/strong>l  &#8212; <strong><em>ELSEVIER France<\/em><\/strong><\/p>\n\n\n\n<ul class=\"wp-block-list\">\n<li class=\"has-medium-font-size\">Conduite de changement digital pour deux sites de contenus B2C (Allemagne, France) qui fusionnent en un : ateliers UX, prototypages, design, ergonomie, cahier de charges, \u00e9tudes pour pr\u00e9parer la conduite du changement (URL, contenu, archives, migration utilisateurs, plateforme technologique, back-office, etc.).<\/li>\n<\/ul>\n<\/div>\n<\/div>\n\n\n\n<div class=\"wp-block-cp-timeline-content-timeline-block Cool-Content-Timeline\"><div class=\"cool-timeline-block-b91a6e00-1d1d-4814-8fcf-112059b6982f\"><style>.cool-timeline-block-b91a6e00-1d1d-4814-8fcf-112059b6982f .cool-vertical-timeline-body{--ctlb-icon-color: #7caef2;--ctlb-line-color: #2eb0e1;--ctlb-story-border-color: #0c9dd3;}<\/style><div class=\"cool-vertical-timeline-body ctlb-wrapper both-sided right\"><div class=\"cool-timeline-block-list\">\n<div class=\"wp-block-cp-timeline-content-timeline-block-child swiper-slide\"><div class=\"timeline-content icon-false \"><div class=\"timeline-block-timeline ctl-row  position-right\"><div class=\"ctl-6 timeline-block-time\"><div class=\"story-time\"><p>MARS 2019 &#8211; JANVIER 2025<\/p><\/div><\/div><div class=\"timeline-block-icon\"><svg stroke=\"currentColor\" fill=\"currentColor\" stroke-width=\"0\" viewBox=\"0 0 512 512\" height=\"1em\" width=\"1em\" xmlns=\"http:\/\/www.w3.org\/2000\/svg\"><path d=\"M256 8C119 8 8 119 8 256s111 248 248 248 248-111 248-248S393 8 256 8z\"><\/path><\/svg><\/div><div class=\"ctl-6 timeline-block-detail\"><div class=\"story-details\"><div class=\"story-content\">\n<figure class=\"wp-block-image size-full is-resized ctlb-block-image\"><img loading=\"lazy\" decoding=\"async\" width=\"232\" height=\"228\" src=\"http:\/\/bouhet.com\/wp-content\/uploads\/2026\/05\/logo-ionis-1.jpg\" alt=\"\" class=\"wp-image-64\" style=\"aspect-ratio:1.3333333333333333;object-fit:cover;width:125px;height:auto\"\/><\/figure>\n\n\n\n<h3 class=\"wp-block-heading ctlb-block-title\" style=\"padding-top:0px;padding-right:0px;padding-bottom:0px;padding-left:0px\">Chef de projet et de produit digital Senior<\/h3>\n\n\n\n<ul class=\"wp-block-list has-small-font-size\">\n<li>Optimisation de l\u2019accessibilit\u00e9, documents internes, benchmark.<\/li>\n\n\n\n<li>Responsable d&#8217;un portefeuille de 14 clients internes (\u00e9coles de commerce, d&#8217;ing\u00e9nieurs, etc.). Point d&#8217;entr\u00e9e concernant toute demande digitale : cr\u00e9ation de pages, r\u00e9organisation du contenu dans les rubriques, refonte int\u00e9grale, demandes diverses<\/li>\n\n\n\n<li>Sp\u00e9cialiste de la refonte web (20 en 5 ans) : organisation d&#8217;ateliers avec les \u00e9coles pour d\u00e9finir l&#8217;offre web, les KPI, le RACI l&#8217;univers graphique, les nouveaux contenus. Mise en place des plannings, des tickets pour les ressources des diff\u00e9rents acteurs. R\u00e9partition et suivi des t\u00e2ches sur la dur\u00e9e. Organisation de points r\u00e9guliers en mode Agile (dailies, sprint, points hebdomadaires)<\/li>\n\n\n\n<li>Projets transverses: migration des sites vers WordPress; mise \u00e0 norme des sites d&#8217;ing\u00e9nieurs pour \u00eatre valid\u00e9 comme sites accessibles<\/li>\n\n\n\n<li>Cr\u00e9ation des rubriques et des sites concernant la Recherche sur les sites d&#8217;ing\u00e9nieurs<\/li>\n<\/ul>\n\n\n\n<figure class=\"wp-block-image size-full\"><img loading=\"lazy\" decoding=\"async\" width=\"500\" height=\"281\" src=\"http:\/\/bouhet.com\/wp-content\/uploads\/2026\/05\/vignettes-IONIS-2.jpg\" alt=\"\" class=\"wp-image-73\" srcset=\"http:\/\/bouhet.com\/wp-content\/uploads\/2026\/05\/vignettes-IONIS-2.jpg 500w, http:\/\/bouhet.com\/wp-content\/uploads\/2026\/05\/vignettes-IONIS-2-300x169.jpg 300w\" sizes=\"auto, (max-width: 500px) 100vw, 500px\" \/><\/figure>\n\n\n\n<ul class=\"wp-block-list\">\n<li class=\"has-small-font-size\"><a href=\"https:\/\/www.isg.fr\" target=\"_blank\" rel=\"noreferrer noopener\">https:\/\/www.isg.fr<\/a><\/li>\n\n\n\n<li class=\"has-small-font-size\"><a href=\"https:\/\/www.esme.fr\" target=\"_blank\" rel=\"noreferrer noopener\">https:\/\/www.esme.fr<\/a><\/li>\n\n\n\n<li class=\"has-small-font-size\"><a href=\"https:\/\/www.ipsa.fr\" target=\"_blank\" rel=\"noreferrer noopener\">https:\/\/www.ipsa.fr<\/a><\/li>\n\n\n\n<li class=\"has-small-font-size\"><a href=\"https:\/\/phg.academy\" target=\"_blank\" rel=\"noreferrer noopener\">https:\/\/phg.academy<\/a><\/li>\n\n\n\n<li class=\"has-small-font-size\"><a href=\"https:\/\/etna.io\">https:\/\/etna.io<\/a><\/li>\n\n\n\n<li class=\"has-small-font-size\"><a href=\"https:\/\/www.ionis-group.com\">https:\/\/www.ionis-group.com<\/a><\/li>\n\n\n\n<li class=\"has-small-font-size\"><a href=\"https:\/\/www.supiotech.fr\">https:\/\/www.supiotech.fr<\/a><\/li>\n\n\n\n<li class=\"has-small-font-size\"><a href=\"https:\/\/www.e-artsup.net\">https:\/\/www.e-artsup.net<\/a><\/li>\n\n\n\n<li class=\"has-small-font-size\"><a href=\"https:\/\/www.ionis-stm.com\">https:\/\/www.ionis-stm.com<\/a><\/li>\n\n\n\n<li class=\"has-small-font-size\"><a href=\"https:\/\/www.supinfo.com\/ \">https:\/\/www.supinfo.com<\/a><\/li>\n\n\n\n<li class=\"has-small-font-size\"><a href=\"https:\/\/recherche.esme.fr\/\" target=\"_blank\" rel=\"noreferrer noopener\">https:\/\/recherche.esme.fr\/<\/a><\/li>\n<\/ul>\n<\/div><\/div><\/div><\/div><\/div><\/div>\n\n\n\n<div class=\"wp-block-cp-timeline-content-timeline-block-child swiper-slide\"><div class=\"timeline-content icon-false \"><div class=\"timeline-block-timeline ctl-row  position-left\"><div class=\"ctl-6 timeline-block-time\"><div class=\"story-time\"><p>Feb 2, 2020<\/p><\/div><\/div><div class=\"timeline-block-icon\"><svg stroke=\"currentColor\" fill=\"currentColor\" stroke-width=\"0\" viewBox=\"0 0 512 512\" height=\"1em\" width=\"1em\" xmlns=\"http:\/\/www.w3.org\/2000\/svg\"><path d=\"M256 8C119 8 8 119 8 256s111 248 248 248 248-111 248-248S393 8 256 8z\"><\/path><\/svg><\/div><div class=\"ctl-6 timeline-block-detail\"><div class=\"story-details\"><div class=\"story-content\">\n<figure class=\"wp-block-image ctlb-block-image\"><img decoding=\"async\" src=\"https:\/\/cooltimeline.com\/wp-content\/uploads\/2025\/11\/amazon2-15.jpg\" alt=\"\" style=\"aspect-ratio:4\/3;object-fit:cover\"\/><\/figure>\n\n\n\n<h3 class=\"wp-block-heading ctlb-block-title\" style=\"padding-top:0px;padding-right:0px;padding-bottom:0px;padding-left:0px\">Amazon Prime debuts<\/h3>\n\n\n\n<p class=\"ctlb-block-desc\" style=\"padding-top:0px;padding-right:0px;padding-bottom:0px;padding-left:0px\">Aliter homines, aliter philosophos loqui putas oportere? Sin aliud quid voles, postea. Mihi enim satis est, ipsis non satis. Negat enim summo bono afferre incrementum diem. Quod ea non occurrentia fingunt, vincunt Aristonem., you can change me anytime click here, <\/p>\n<\/div><\/div><\/div><\/div><\/div><\/div>\n\n\n\n<div class=\"wp-block-cp-timeline-content-timeline-block-child swiper-slide\"><div class=\"timeline-content icon-false \"><div class=\"timeline-block-timeline ctl-row  position-right\"><div class=\"ctl-6 timeline-block-time\"><div class=\"story-time\"><p>Jan 31, 2021<\/p><\/div><\/div><div class=\"timeline-block-icon\"><svg stroke=\"currentColor\" fill=\"currentColor\" stroke-width=\"0\" viewBox=\"0 0 512 512\" height=\"1em\" width=\"1em\" xmlns=\"http:\/\/www.w3.org\/2000\/svg\"><path d=\"M256 8C119 8 8 119 8 256s111 248 248 248 248-111 248-248S393 8 256 8z\"><\/path><\/svg><\/div><div class=\"ctl-6 timeline-block-detail\"><div class=\"story-details\"><div class=\"story-content\">\n<figure class=\"wp-block-image ctlb-block-image\"><img decoding=\"async\" src=\"https:\/\/cooltimeline.com\/wp-content\/uploads\/2025\/11\/amazon3-15.png\" alt=\"\" style=\"aspect-ratio:4\/3;object-fit:cover\"\/><\/figure>\n\n\n\n<h3 class=\"wp-block-heading ctlb-block-title\" style=\"padding-top:0px;padding-right:0px;padding-bottom:0px;padding-left:0px\">Amazon acquires Audible<\/h3>\n\n\n\n<p class=\"ctlb-block-desc\" style=\"padding-top:0px;padding-right:0px;padding-bottom:0px;padding-left:0px\">Lorem ipsum dolor sit amet, consectetur adipiscing elit, sed do eiusmod tempor incididunt ut labore et dolore magna aliqua. Ut enim ad minim veniam, quis nostrud exercitation ullamco laboris nisi ut aliquip ex ea commodo consequat.<\/p>\n<\/div><\/div><\/div><\/div><\/div><\/div>\n<\/div><\/div><\/div><\/div>\n","protected":false},"excerpt":{"rendered":"<p>Intro CV MARS 2019 &#8211; JANVIER 2025 Chef de projet et de produit digital &#8212; IONIS Education Group NOVEMBRE 2017 [&hellip;]<\/p>\n","protected":false},"author":1,"featured_media":0,"parent":78,"menu_order":0,"comment_status":"closed","ping_status":"closed","template":"","meta":{"site-sidebar-layout":"default","site-content-layout":"","ast-site-content-layout":"default","site-content-style":"default","site-sidebar-style":"default","ast-global-header-display":"","ast-banner-title-visibility":"","ast-main-header-display":"","ast-hfb-above-header-display":"","ast-hfb-below-header-display":"","ast-hfb-mobile-header-display":"","site-post-title":"","ast-breadcrumbs-content":"","ast-featured-img":"","footer-sml-layout":"","ast-disable-related-posts":"","theme-transparent-header-meta":"","adv-header-id-meta":"","stick-header-meta":"","header-above-stick-meta":"","header-main-stick-meta":"","header-below-stick-meta":"","astra-migrate-meta-layouts":"default","ast-page-background-enabled":"default","ast-page-background-meta":{"desktop":{"background-color":"var(--ast-global-color-5)","background-image":"","background-repeat":"repeat","background-position":"center center","background-size":"auto","background-attachment":"scroll","background-type":"","background-media":"","overlay-type":"","overlay-color":"","overlay-opacity":"","overlay-gradient":""},"tablet":{"background-color":"","background-image":"","background-repeat":"repeat","background-position":"center center","background-size":"auto","background-attachment":"scroll","background-type":"","background-media":"","overlay-type":"","overlay-color":"","overlay-opacity":"","overlay-gradient":""},"mobile":{"background-color":"","background-image":"","background-repeat":"repeat","background-position":"center center","background-size":"auto","background-attachment":"scroll","background-type":"","background-media":"","overlay-type":"","overlay-color":"","overlay-opacity":"","overlay-gradient":""}},"ast-content-background-meta":{"desktop":{"background-color":"var(--ast-global-color-4)","background-image":"","background-repeat":"repeat","background-position":"center center","background-size":"auto","background-attachment":"scroll","background-type":"","background-media":"","overlay-type":"","overlay-color":"","overlay-opacity":"","overlay-gradient":""},"tablet":{"background-color":"var(--ast-global-color-4)","background-image":"","background-repeat":"repeat","background-position":"center center","background-size":"auto","background-attachment":"scroll","background-type":"","background-media":"","overlay-type":"","overlay-color":"","overlay-opacity":"","overlay-gradient":""},"mobile":{"background-color":"var(--ast-global-color-4)","background-image":"","background-repeat":"repeat","background-position":"center center","background-size":"auto","background-attachment":"scroll","background-type":"","background-media":"","overlay-type":"","overlay-color":"","overlay-opacity":"","overlay-gradient":""}},"footnotes":""},"class_list":["post-44","page","type-page","status-publish","hentry"],"yoast_head":"<!-- This site is optimized with the Yoast SEO plugin v27.5 - https:\/\/yoast.com\/product\/yoast-seo-wordpress\/ -->\n<title>CV d\u00e9taill\u00e9 de Fr\u00e9d\u00e9ric Bouhet - Frederic Bouhet<\/title>\n<meta name=\"robots\" content=\"index, follow, max-snippet:-1, max-image-preview:large, max-video-preview:-1\" \/>\n<link rel=\"canonical\" href=\"http:\/\/bouhet.com\/index.php\/cv\/cv-detaille\/\" \/>\n<meta property=\"og:locale\" content=\"en_US\" \/>\n<meta property=\"og:type\" content=\"article\" \/>\n<meta property=\"og:title\" content=\"CV d\u00e9taill\u00e9 de Fr\u00e9d\u00e9ric Bouhet - Frederic Bouhet\" \/>\n<meta property=\"og:description\" content=\"Intro CV MARS 2019 &#8211; JANVIER 2025 Chef de projet et de produit digital &#8212; IONIS Education Group NOVEMBRE 2017 [&hellip;]\" \/>\n<meta property=\"og:url\" content=\"http:\/\/bouhet.com\/index.php\/cv\/cv-detaille\/\" \/>\n<meta property=\"og:site_name\" content=\"Frederic Bouhet\" \/>\n<meta property=\"article:modified_time\" content=\"2026-05-13T16:37:12+00:00\" \/>\n<meta property=\"og:image\" content=\"https:\/\/bouhet.com\/wp-content\/uploads\/2026\/05\/logo-ionis-1.jpg\" \/>\n<meta name=\"twitter:card\" content=\"summary_large_image\" \/>\n<meta name=\"twitter:label1\" content=\"Est. reading time\" \/>\n\t<meta name=\"twitter:data1\" content=\"4 minutes\" \/>\n<script type=\"application\/ld+json\" class=\"yoast-schema-graph\">{\"@context\":\"https:\\\/\\\/schema.org\",\"@graph\":[{\"@type\":\"WebPage\",\"@id\":\"http:\\\/\\\/bouhet.com\\\/index.php\\\/cv\\\/cv-detaille\\\/\",\"url\":\"http:\\\/\\\/bouhet.com\\\/index.php\\\/cv\\\/cv-detaille\\\/\",\"name\":\"CV d\u00e9taill\u00e9 de Fr\u00e9d\u00e9ric Bouhet - Frederic Bouhet\",\"isPartOf\":{\"@id\":\"https:\\\/\\\/bouhet.com\\\/#website\"},\"primaryImageOfPage\":{\"@id\":\"http:\\\/\\\/bouhet.com\\\/index.php\\\/cv\\\/cv-detaille\\\/#primaryimage\"},\"image\":{\"@id\":\"http:\\\/\\\/bouhet.com\\\/index.php\\\/cv\\\/cv-detaille\\\/#primaryimage\"},\"thumbnailUrl\":\"https:\\\/\\\/bouhet.com\\\/wp-content\\\/uploads\\\/2026\\\/05\\\/logo-ionis-1.jpg\",\"datePublished\":\"2026-05-13T12:02:49+00:00\",\"dateModified\":\"2026-05-13T16:37:12+00:00\",\"breadcrumb\":{\"@id\":\"http:\\\/\\\/bouhet.com\\\/index.php\\\/cv\\\/cv-detaille\\\/#breadcrumb\"},\"inLanguage\":\"en-US\",\"potentialAction\":[{\"@type\":\"ReadAction\",\"target\":[\"http:\\\/\\\/bouhet.com\\\/index.php\\\/cv\\\/cv-detaille\\\/\"]}]},{\"@type\":\"ImageObject\",\"inLanguage\":\"en-US\",\"@id\":\"http:\\\/\\\/bouhet.com\\\/index.php\\\/cv\\\/cv-detaille\\\/#primaryimage\",\"url\":\"http:\\\/\\\/bouhet.com\\\/wp-content\\\/uploads\\\/2026\\\/05\\\/logo-ionis-1.jpg\",\"contentUrl\":\"http:\\\/\\\/bouhet.com\\\/wp-content\\\/uploads\\\/2026\\\/05\\\/logo-ionis-1.jpg\",\"width\":232,\"height\":228},{\"@type\":\"BreadcrumbList\",\"@id\":\"http:\\\/\\\/bouhet.com\\\/index.php\\\/cv\\\/cv-detaille\\\/#breadcrumb\",\"itemListElement\":[{\"@type\":\"ListItem\",\"position\":1,\"name\":\"Accueil\",\"item\":\"https:\\\/\\\/bouhet.com\\\/\"},{\"@type\":\"ListItem\",\"position\":2,\"name\":\"CV\",\"item\":\"http:\\\/\\\/bouhet.com\\\/index.php\\\/cv\\\/\"},{\"@type\":\"ListItem\",\"position\":3,\"name\":\"CV d\u00e9taill\u00e9 de Fr\u00e9d\u00e9ric Bouhet\"}]},{\"@type\":\"WebSite\",\"@id\":\"https:\\\/\\\/bouhet.com\\\/#website\",\"url\":\"https:\\\/\\\/bouhet.com\\\/\",\"name\":\"Frederic Bouhet\",\"description\":\"Product owner exp\u00e9riment\u00e9\",\"potentialAction\":[{\"@type\":\"SearchAction\",\"target\":{\"@type\":\"EntryPoint\",\"urlTemplate\":\"https:\\\/\\\/bouhet.com\\\/?s={search_term_string}\"},\"query-input\":{\"@type\":\"PropertyValueSpecification\",\"valueRequired\":true,\"valueName\":\"search_term_string\"}}],\"inLanguage\":\"en-US\"}]}<\/script>\n<!-- \/ Yoast SEO plugin. -->","yoast_head_json":{"title":"CV d\u00e9taill\u00e9 de Fr\u00e9d\u00e9ric Bouhet - Frederic Bouhet","robots":{"index":"index","follow":"follow","max-snippet":"max-snippet:-1","max-image-preview":"max-image-preview:large","max-video-preview":"max-video-preview:-1"},"canonical":"http:\/\/bouhet.com\/index.php\/cv\/cv-detaille\/","og_locale":"en_US","og_type":"article","og_title":"CV d\u00e9taill\u00e9 de Fr\u00e9d\u00e9ric Bouhet - Frederic Bouhet","og_description":"Intro CV MARS 2019 &#8211; JANVIER 2025 Chef de projet et de produit digital &#8212; IONIS Education Group NOVEMBRE 2017 [&hellip;]","og_url":"http:\/\/bouhet.com\/index.php\/cv\/cv-detaille\/","og_site_name":"Frederic Bouhet","article_modified_time":"2026-05-13T16:37:12+00:00","og_image":[{"url":"https:\/\/bouhet.com\/wp-content\/uploads\/2026\/05\/logo-ionis-1.jpg","type":"","width":"","height":""}],"twitter_card":"summary_large_image","twitter_misc":{"Est. reading time":"4 minutes"},"schema":{"@context":"https:\/\/schema.org","@graph":[{"@type":"WebPage","@id":"http:\/\/bouhet.com\/index.php\/cv\/cv-detaille\/","url":"http:\/\/bouhet.com\/index.php\/cv\/cv-detaille\/","name":"CV d\u00e9taill\u00e9 de Fr\u00e9d\u00e9ric Bouhet - Frederic Bouhet","isPartOf":{"@id":"https:\/\/bouhet.com\/#website"},"primaryImageOfPage":{"@id":"http:\/\/bouhet.com\/index.php\/cv\/cv-detaille\/#primaryimage"},"image":{"@id":"http:\/\/bouhet.com\/index.php\/cv\/cv-detaille\/#primaryimage"},"thumbnailUrl":"https:\/\/bouhet.com\/wp-content\/uploads\/2026\/05\/logo-ionis-1.jpg","datePublished":"2026-05-13T12:02:49+00:00","dateModified":"2026-05-13T16:37:12+00:00","breadcrumb":{"@id":"http:\/\/bouhet.com\/index.php\/cv\/cv-detaille\/#breadcrumb"},"inLanguage":"en-US","potentialAction":[{"@type":"ReadAction","target":["http:\/\/bouhet.com\/index.php\/cv\/cv-detaille\/"]}]},{"@type":"ImageObject","inLanguage":"en-US","@id":"http:\/\/bouhet.com\/index.php\/cv\/cv-detaille\/#primaryimage","url":"http:\/\/bouhet.com\/wp-content\/uploads\/2026\/05\/logo-ionis-1.jpg","contentUrl":"http:\/\/bouhet.com\/wp-content\/uploads\/2026\/05\/logo-ionis-1.jpg","width":232,"height":228},{"@type":"BreadcrumbList","@id":"http:\/\/bouhet.com\/index.php\/cv\/cv-detaille\/#breadcrumb","itemListElement":[{"@type":"ListItem","position":1,"name":"Accueil","item":"https:\/\/bouhet.com\/"},{"@type":"ListItem","position":2,"name":"CV","item":"http:\/\/bouhet.com\/index.php\/cv\/"},{"@type":"ListItem","position":3,"name":"CV d\u00e9taill\u00e9 de Fr\u00e9d\u00e9ric Bouhet"}]},{"@type":"WebSite","@id":"https:\/\/bouhet.com\/#website","url":"https:\/\/bouhet.com\/","name":"Frederic Bouhet","description":"Product owner exp\u00e9riment\u00e9","potentialAction":[{"@type":"SearchAction","target":{"@type":"EntryPoint","urlTemplate":"https:\/\/bouhet.com\/?s={search_term_string}"},"query-input":{"@type":"PropertyValueSpecification","valueRequired":true,"valueName":"search_term_string"}}],"inLanguage":"en-US"}]}},"_links":{"self":[{"href":"http:\/\/bouhet.com\/index.php\/wp-json\/wp\/v2\/pages\/44","targetHints":{"allow":["GET"]}}],"collection":[{"href":"http:\/\/bouhet.com\/index.php\/wp-json\/wp\/v2\/pages"}],"about":[{"href":"http:\/\/bouhet.com\/index.php\/wp-json\/wp\/v2\/types\/page"}],"author":[{"embeddable":true,"href":"http:\/\/bouhet.com\/index.php\/wp-json\/wp\/v2\/users\/1"}],"replies":[{"embeddable":true,"href":"http:\/\/bouhet.com\/index.php\/wp-json\/wp\/v2\/comments?post=44"}],"version-history":[{"count":23,"href":"http:\/\/bouhet.com\/index.php\/wp-json\/wp\/v2\/pages\/44\/revisions"}],"predecessor-version":[{"id":92,"href":"http:\/\/bouhet.com\/index.php\/wp-json\/wp\/v2\/pages\/44\/revisions\/92"}],"up":[{"embeddable":true,"href":"http:\/\/bouhet.com\/index.php\/wp-json\/wp\/v2\/pages\/78"}],"wp:attachment":[{"href":"http:\/\/bouhet.com\/index.php\/wp-json\/wp\/v2\/media?parent=44"}],"curies":[{"name":"wp","href":"https:\/\/api.w.org\/{rel}","templated":true}]}}